{"id":57,"date":"2023-10-10T11:34:30","date_gmt":"2023-10-10T09:34:30","guid":{"rendered":"http:\/\/ickedesign.com\/wordpress\/?page_id=57"},"modified":"2023-10-10T11:34:30","modified_gmt":"2023-10-10T09:34:30","slug":"ueber-uns","status":"publish","type":"page","link":"https:\/\/ickedesign.com\/wordpress\/ueber-uns\/","title":{"rendered":"\u00dcber uns"},"content":{"rendered":"\n<p>Icke Design ist eine Sch\u00fcler*innenfirma der Max-Bill-Schule in Berlin. Im Rahmen der Ausbildung der Gestaltungstechnischen Assistenten und Assistentinnen k\u00f6nnen in dieser Sch\u00fcler*innenfirma die erlernten gestalterischen Kompetenzen an realen Auftr\u00e4gen im Agenturkontext erprobt werden.<\/p>\n","protected":false},"excerpt":{"rendered":"<p>Icke Design ist eine Sch\u00fcler*innenfirma der Max-Bill-Schule in Berlin. Im Rahmen der Ausbildung der Gestaltungstechnischen Assistenten und Assistentinnen k\u00f6nnen in dieser Sch\u00fcler*innenfirma die erlernten gestalterischen Kompetenzen an realen Auftr\u00e4gen im Agenturkontext erprobt werden.<\/p>\n","protected":false},"author":1,"featured_media":0,"parent":0,"menu_order":0,"comment_status":"closed","ping_status":"closed","template":"","meta":{"_coblocks_attr":"","_coblocks_dimensions":"","_coblocks_responsive_height":"","_coblocks_accordion_ie_support":"","_eb_attr":"","footnotes":""},"class_list":["post-57","page","type-page","status-publish","hentry"],"blocksy_meta":"","_links":{"self":[{"href":"https:\/\/ickedesign.com\/wordpress\/wp-json\/wp\/v2\/pages\/57","targetHints":{"allow":["GET"]}}],"collection":[{"href":"https:\/\/ickedesign.com\/wordpress\/wp-json\/wp\/v2\/pages"}],"about":[{"href":"https:\/\/ickedesign.com\/wordpress\/wp-json\/wp\/v2\/types\/page"}],"author":[{"embeddable":true,"href":"https:\/\/ickedesign.com\/wordpress\/wp-json\/wp\/v2\/users\/1"}],"replies":[{"embeddable":true,"href":"https:\/\/ickedesign.com\/wordpress\/wp-json\/wp\/v2\/comments?post=57"}],"version-history":[{"count":2,"href":"https:\/\/ickedesign.com\/wordpress\/wp-json\/wp\/v2\/pages\/57\/revisions"}],"predecessor-version":[{"id":59,"href":"https:\/\/ickedesign.com\/wordpress\/wp-json\/wp\/v2\/pages\/57\/revisions\/59"}],"wp:attachment":[{"href":"https:\/\/ickedesign.com\/wordpress\/wp-json\/wp\/v2\/media?parent=57"}],"curies":[{"name":"wp","href":"https:\/\/api.w.org\/{rel}","templated":true}]}}